{"id":498,"date":"2022-03-02T23:01:44","date_gmt":"2022-03-02T23:01:44","guid":{"rendered":"https:\/\/www.abitato.de\/?page_id=498"},"modified":"2023-02-17T08:40:18","modified_gmt":"2023-02-17T08:40:18","slug":"datenschutz","status":"publish","type":"page","link":"https:\/\/www.abitato.de\/?page_id=498","title":{"rendered":"Datenschutz"},"content":{"rendered":"\n<p><strong>Ihr Datenschutz ist unser Anliegen<\/strong><\/p>\n\n\n\n<p>Wir freuen uns \u00fcber Ihr Interesse an unserem Unternehmen und unseren Produkten bzw. Dienstleistungen und m\u00f6chten, dass Sie sich beim Besuch unserer Internetseiten auch hinsichtlich des Schutzes Ihrer personenbezogenen Daten sicher f\u00fchlen. Denn wir nehmen den Schutz Ihrer personenbezogener Daten sehr ernst. Die Beachtung der Bestimmungen der Europ\u00e4ischen Datenschutzgrundverordnung (EU-DSGVO) und des Bundesdatenschutzgesetzes (BDSG) ist f\u00fcr uns eine Selbstverst\u00e4ndlichkeit.<\/p>\n\n\n\n<p>Wir m\u00f6chten, dass Sie wissen, wann wir welche Daten erheben und wie wir sie verwenden. Wir haben technische und organisatorische Ma\u00dfnahmen getroffen, die sicherstellen, dass die Vorschriften zum Datenschutz und zur Datensicherheit sowohl von uns als auch von unseren externen Dienstleistern beachtet werden.<\/p>\n\n\n\n<p><\/p>\n\n\n\n<p><strong>1 Information \u00fcber die Erhebung personenbezogener Daten<\/strong><\/p>\n\n\n\n<p>(1) Im Folgenden informieren wir \u00fcber die Erhebung personenbezogener Daten bei der Nutzung unserer Website. Personenbezogene Daten sind alle Daten zu Ihrer Identit\u00e4t oder die auf Sie pers\u00f6nlich beziehbar sind, z.\u2009B. Name, Adresse, E-Mail-Adressen, Nutzerverhalten sowie die IP-Adresse.<\/p>\n\n\n\n<p>(2) Verantwortlicher gem. Art. 4 Abs. 7 EU-Datenschutz-Grundverordnung (DSGVO) ist<\/p>\n\n\n\n<p>Abitato Managementgesellschaft seelische Gesundheit gGmbH<\/p>\n\n\n\n<p>Gesch\u00e4ftsf\u00fchrer Herr Frank N\u00fcsse<\/p>\n\n\n\n<p>Muhliusstra\u00dfe 94<\/p>\n\n\n\n<p>24103 Kiel<\/p>\n\n\n\n<p>Tel. 0431 982618-0, Fax 0431 982618-29,<\/p>\n\n\n\n<p>E-Mail: office@abitato.de<\/p>\n\n\n\n<p>siehe unser <a href=\"https:\/\/www.abitato.de\/impressum\/\" data-type=\"page\" data-id=\"495\">Impressum<\/a>.<\/p>\n\n\n\n<p><\/p>\n\n\n\n<p>Unsere Datenschutzbeauftragte Frau Silke Dammann erreichen Sie unter mc-Technik Dienstleistungs- und Consulting GmbH, Marienthaler Stra\u00dfe 24, 24340 Eckernf\u00f6rde, Tel. 04351 7321-0, Fax: 04351 7321-999, E-Mail: datenschutz@mc-technik.de oder unserer Postadresse mit dem Zusatz \u201ez. H. der Datenschutzbeauftragte\u201c.<\/p>\n\n\n\n<p>(3) F\u00fcr die Nutzung unserer Internetseite ist es nicht erforderlich, dass Sie personenbezogene Daten preisgeben m\u00fcssen. In bestimmten F\u00e4llen ben\u00f6tigen wir jedoch Ihren Namen und Ihre Adresse sowie weitere Angaben, damit wir die gew\u00fcnschten Dienstleistungen erbringen k\u00f6nnen.<\/p>\n\n\n\n<p>(4) Bei Ihrer Kontaktaufnahme mit uns per E-Mail oder \u00fcber ein Kontaktformular werden die von Ihnen mitgeteilten Daten (Ihre E-Mail-Adresse, ggf. Ihr Name und Ihre Telefonnummer) von uns gespeichert, um Ihre Fragen zu beantworten. Die in diesem Zusammenhang anfallenden Daten l\u00f6schen wir, nachdem die Speicherung nicht mehr erforderlich ist, oder schr\u00e4nken die Verarbeitung ein, falls gesetzliche Aufbewahrungspflichten bestehen.<\/p>\n\n\n\n<p>(5) Falls wir f\u00fcr einzelne Funktionen unseres Angebots auf beauftragte Dienstleister zur\u00fcckgreifen oder Ihre Daten f\u00fcr werbliche Zwecke nutzen m\u00f6chten, werden wir Sie untenstehend im Detail \u00fcber die jeweiligen Vorg\u00e4nge informieren. Dabei nennen wir auch die festgelegten Kriterien der Speicherdauer.<\/p>\n\n\n\n<p>(6) Kinder und Jugendliche<\/p>\n\n\n\n<p>Personen unter 18 Jahren sollten ohne Zustimmung der Eltern oder Erziehungsberechtigten keine personenbezogenen Daten an uns \u00fcbermitteln. Wir fordern keine personenbezogenen Daten von Kindern und Jugendlichen an, sammeln diese nicht und geben sie nicht an Dritte<\/p>\n\n\n\n<p>weiter.<\/p>\n\n\n\n<p><\/p>\n\n\n\n<p><strong>2 Zweckbestimmung der personenbezogenen Daten und zweckgebundene Verarbeitung<\/strong><\/p>\n\n\n\n<p>(1) Die Verarbeitung personenbezogener Daten erfolgt ausschlie\u00dflich zur Erf\u00fcllung des nachgefragten Service und zur Wahrung eigener berechtigter Gesch\u00e4ftsinteressen.<\/p>\n\n\n\n<p>(2) Die von Ihnen zur Verf\u00fcgung gestellten personenbezogenen Daten verwenden wir im Allgemeinen, um Ihre Anfragen zu beantworten, Ihre Auftr\u00e4ge zu bearbeiten oder Ihnen Zugang zu bestimmten Informationen oder Angeboten zu verschaffen. Zur Pflege der Kundenbeziehungen kann es au\u00dferdem erforderlich sein, dass wir oder ein von uns beauftragtes Dienstleistungsunternehmen diese personenbezogenen Daten verwenden, um Sie \u00fcber Produktangebote zu informieren, die f\u00fcr Ihre Gesch\u00e4ftst\u00e4tigkeit n\u00fctzlich sind, oder um Online-Umfragen durchzuf\u00fchren, um den Aufgaben und Anforderungen unserer Kunden besser gerecht zu werden.<\/p>\n\n\n\n<p>(3) Selbstverst\u00e4ndlich respektieren wir es, wenn Sie uns Ihre personenbezogenen Daten nicht zur Unterst\u00fctzung unserer Kundenbeziehung (insbesondere f\u00fcr Direktmarketing oder zu Marktforschungs-zwecken) \u00fcberlassen wollen. Wir werden Ihre personenbezogenen Daten weder an Dritte verkaufen noch anderweitig vermarkten.<\/p>\n\n\n\n<p>(4) Wir werden die von Ihnen online zur Verf\u00fcgung gestellten personenbezogenen Daten nur f\u00fcr die Ihnen mitgeteilten Zwecke erheben, verarbeiten und nutzen Eine Weitergabe Ihrer personenbezogenen Daten an Dritte erfolgt nicht ohne Ihre notwendige Einwilligung.<\/p>\n\n\n\n<p>(5) Erhebungen von personenbezogenen Daten sowie deren \u00dcbermittlung an auskunftsberechtigte staatliche Institutionen und Beh\u00f6rden erfolgen nur im Rahmen der einschl\u00e4gigen Gesetze bzw. sofern wir durch eine gerichtliche Entscheidung dazu verpflichtet sind. Unsere Mitarbeiter und die von uns beauftragten Dienstleistungsunternehmen sind von uns zur Verschwiegenheit und zur Einhaltung der Bestimmungen der Datenschutzgrundverordnung verpflichtet.<\/p>\n\n\n\n<p>(6) Hinweise f\u00fcr Bewerber und Umgang mit Bewerberdaten<\/p>\n\n\n\n<p>Wenn Sie uns eine Bewerbung per E-Mail zukommen lassen, verarbeiten wir Ihre zur Verf\u00fcgung gestellten personenbezogenen Daten, soweit dies zur Entscheidung \u00fcber die Begr\u00fcndung eines Besch\u00e4ftigungsverh\u00e4ltnisses erforderlich ist. Rechtsgrundlage hierf\u00fcr ist Art. 88 DSGVO i. V. m. \u00a7 26 BDSG, und \u2013 sofern Sie eine Einwilligung zur l\u00e4ngeren Speicherung der Daten im Bewerberpool erteilt haben \u2013 Art. 6 Abs. 1 lit. a DSGVO. Die Einwilligung ist jederzeit ohne Angabe von Gr\u00fcnden f\u00fcr die Zukunft widerrufbar. Ihre personenbezogenen Daten werden innerhalb unseres Unternehmens ausschlie\u00dflich an Personen weitergegeben, die an der Bearbeitung Ihrer Bewerbung beteiligt sind. Alle Daten werden \u2013 sollte es zu keiner Besch\u00e4ftigung kommen \u2013 nach sechs Monaten gel\u00f6scht.<\/p>\n\n\n\n<p>(7) Dauer und Speicherung personenbezogener Daten<\/p>\n\n\n\n<p>Ihre Daten werden von uns so lange gespeichert, wie diese f\u00fcr die jeweiligen der Verarbeitung zugrundeliegenden Zweck ben\u00f6tigt werden. Dar\u00fcber hinaus speichern wir Daten nur, soweit wir hierzu rechtlich verpflichtet sind und legen hierbei die gesetzlichen Aufbewahrungspflichten zugrunde.<\/p>\n\n\n\n<p><\/p>\n\n\n\n<p><strong>3 Erhebung personenbezogener Daten bei Besuch unserer Website<\/strong><\/p>\n\n\n\n<p>(1) Bei der rein informatorischen Nutzung der Website, also wenn Sie sich nicht registrieren oder uns anderweitig Informationen \u00fcbermitteln, erheben wir nur die personenbezogenen Daten, die Ihr Browser an unseren Server \u00fcbermittelt. Wenn Sie unsere Website betrachten m\u00f6chten, erheben wir die folgenden Daten, die f\u00fcr uns technisch erforderlich sind, um Ihnen unsere Website anzuzeigen und die Stabilit\u00e4t und Sicherheit zu gew\u00e4hrleisten, sowie ggf. Nachweise erbringen zu k\u00f6nnen (Rechtsgrundlage \u00a7 25 Abs. 2 TTDSG i. V. m. Art. 6 Abs. 1 lit c und lit f DSGVO):<\/p>\n\n\n\n<p>\u2022&nbsp;&nbsp;&nbsp;&nbsp;&nbsp;&nbsp;&nbsp;&nbsp;&nbsp; IP-Adresse<\/p>\n\n\n\n<p>\u2022&nbsp;&nbsp;&nbsp;&nbsp;&nbsp;&nbsp;&nbsp;&nbsp;&nbsp; Datum und Uhrzeit der Anfrage<\/p>\n\n\n\n<p>\u2022&nbsp;&nbsp;&nbsp;&nbsp;&nbsp;&nbsp;&nbsp;&nbsp;&nbsp; Zeitzonendifferenz zur Greenwich Mean Time (GMT)<\/p>\n\n\n\n<p>\u2022&nbsp;&nbsp;&nbsp;&nbsp;&nbsp;&nbsp;&nbsp;&nbsp;&nbsp; Inhalt der Anforderung (konkrete Seite)<\/p>\n\n\n\n<p>\u2022&nbsp;&nbsp;&nbsp;&nbsp;&nbsp;&nbsp;&nbsp;&nbsp;&nbsp; Zugriffsstatus\/HTTP-Statuscode<\/p>\n\n\n\n<p>\u2022&nbsp;&nbsp;&nbsp;&nbsp;&nbsp;&nbsp;&nbsp;&nbsp;&nbsp; jeweils \u00fcbertragene Datenmenge<\/p>\n\n\n\n<p>\u2022&nbsp;&nbsp;&nbsp;&nbsp;&nbsp;&nbsp;&nbsp;&nbsp;&nbsp; Website, von der die Anforderung kommt<\/p>\n\n\n\n<p>\u2022&nbsp;&nbsp;&nbsp;&nbsp;&nbsp;&nbsp;&nbsp;&nbsp;&nbsp; Browser<\/p>\n\n\n\n<p>\u2022&nbsp;&nbsp;&nbsp;&nbsp;&nbsp;&nbsp;&nbsp;&nbsp;&nbsp; Betriebssystem und dessen Oberfl\u00e4che<\/p>\n\n\n\n<p>\u2022&nbsp;&nbsp;&nbsp;&nbsp;&nbsp;&nbsp;&nbsp;&nbsp;&nbsp; Sprache und Version der Browsersoftware.<\/p>\n\n\n\n<p>(2) Zus\u00e4tzlich zu den zuvor genannten Daten werden bei Ihrer Nutzung unserer Website Cookies auf Ihrem Rechner gespeichert. Bei Cookies handelt es sich um kleine Textdateien, die auf Ihrer Festplatte dem von Ihnen verwendeten Browser zugeordnet gespeichert werden und durch welche der Stelle, die den Cookie setzt (hier durch uns), bestimmte Informationen zuflie\u00dfen. Cookies k\u00f6nnen keine Programme ausf\u00fchren oder Viren auf Ihren Computer \u00fcbertragen. Sie dienen dazu, das Internet\u00acangebot insgesamt nutzerfreundlicher und effektiver zu machen.<\/p>\n\n\n\n<p>(3) Einsatz von Cookies:<\/p>\n\n\n\n<p>a) Diese Website nutzt folgende Arten von Cookies, deren Umfang und Funktionsweise im Folgenden erl\u00e4utert werden:<\/p>\n\n\n\n<p>\u2013Transiente Cookies (dazu b)<\/p>\n\n\n\n<p>\u2013Persistente Cookies (dazu c).<\/p>\n\n\n\n<p>b) Transiente Cookies werden automatisiert gel\u00f6scht, wenn Sie den Browser schlie\u00dfen. Dazu z\u00e4hlen insbesondere die Session-Cookies. Diese speichern eine sogenannte Session-ID, mit welcher sich verschiedene Anfragen Ihres Browsers der gemeinsamen Sitzung zuordnen lassen. Dadurch kann Ihr Rechner wiedererkannt werden, wenn Sie auf unsere Website zur\u00fcckkehren. Die Session-Cookies werden gel\u00f6scht, wenn Sie sich ausloggen oder den Browser schlie\u00dfen.<\/p>\n\n\n\n<p>c) Persistente Cookies werden automatisiert nach einer vorgegebenen Dauer gel\u00f6scht, die sich je nach Cookie unterscheiden kann. Sie k\u00f6nnen die Cookies in den Sicherheitseinstellungen Ihres Browsers jederzeit l\u00f6schen.<\/p>\n\n\n\n<p>d) Sie k\u00f6nnen Ihre Browser-Einstellung entsprechend Ihren W\u00fcnschen konfigurieren und z.\u2009B. die Annahme von Third-Party-Cookies oder allen Cookies ablehnen. Wir weisen Sie darauf hin, dass Sie eventuell nicht alle Funktionen dieser Website nutzen k\u00f6nnen.<\/p>\n\n\n\n<p>Erhebung von Zugriffsdaten und Logfiles<\/p>\n\n\n\n<p>Wir, bzw. unser Hostinganbieter, erhebt auf Grundlage unserer berechtigten Interessen im Sinne des Art. 6 Abs. 1 lit. f. DSGVO Daten \u00fcber jeden Zugriff auf den Server, auf dem sich dieser Dienst befindet (sogenannte Serverlogfiles). Zu den Zugriffsdaten geh\u00f6ren Name der abgerufenen Webseite, Datei, Datum und Uhrzeit des Abrufs, \u00fcbertragene Datenmenge, Meldung \u00fcber erfolgreichen Abruf, Browsertyp nebst Version, das Betriebssystem des Nutzers, Referrer URL (die zuvor besuchte Seite), IP-Adresse und der anfragende Provider.<\/p>\n\n\n\n<p>Logfile-Informationen werden aus Sicherheitsgr\u00fcnden (z.B. zur Aufkl\u00e4rung von Missbrauchs- oder Betrugshandlungen) f\u00fcr die Dauer von maximal 7 Tagen gespeichert und danach gel\u00f6scht. Daten, deren weitere Aufbewahrung zu Beweiszwecken erforderlich ist, sind bis zur endg\u00fcltigen Kl\u00e4rung des jeweiligen Vorfalls von der L\u00f6schung ausgenommen.<\/p>\n\n\n\n<p><\/p>\n\n\n\n<p><strong>4 Analyse und Marketing<\/strong><\/p>\n\n\n\n<p>(1) Webanalyse<\/p>\n\n\n\n<p>Wir f\u00fchren keine Webanalyse, kein Tracking und kein Tracing durch.<\/p>\n\n\n\n<p><\/p>\n\n\n\n<p><strong>5 Einsatz von weiteren Tools, Ad-Ins, Plug-Ins, etc.<\/strong><\/p>\n\n\n\n<p>(1) Google Web Fonts<\/p>\n\n\n\n<p>Diese Seite nutzt zur einheitlichen Darstellung von Schriftarten so genannte Web Fonts, die von Google bereitgestellt werden. Die Google Fonts sind lokal&nbsp; installiert. Eine Verbindung zu Servern von Google findet dabei nicht statt.<\/p>\n\n\n\n<p><\/p>\n\n\n\n<p><strong>6 Ihre Rechte<\/strong><\/p>\n\n\n\n<p>Zur Aus\u00fcbung Ihrer Betroffenenrechte wenden Sie sich bitte mit Identit\u00e4tsnachweis an den Verantwortlichen (s. Ziffer 1). Sie haben:<\/p>\n\n\n\n<p>Recht auf Best\u00e4tigung und Auskunft: Sie haben nach Art, 15 DSGVO das Recht, von uns eine Best\u00e4tigung dar\u00fcber zu erhalten, ob Sie betreffende personenbezogene Daten verarbeitet werden. Ist dies der Fall, so haben Sie das Recht, von uns eine unentgeltliche Auskunft \u00fcber die zu Ihnen gespeicherten personenbezogenen Daten nebst einer Kopie dieser Daten zu verlangen.<\/p>\n\n\n\n<p>Recht auf Berichtigung: Sie haben nach Art. 16 DSGVO das Recht, von uns die Berichtigung Sie betreffender unrichtiger personenbezogener Daten zu verlangen. Unter Ber\u00fccksichtigung der Zwecke der Verarbeitung haben Sie das Recht, die Vervollst\u00e4ndigung unvollst\u00e4ndiger personenbezogener Daten zu verlangen.<\/p>\n\n\n\n<p>Recht auf L\u00f6schung: Sofern nicht anderweitig ausdr\u00fccklich angegeben, werden die bei uns gespeicherten Daten gem. Art. 17 DSGVO gel\u00f6scht, sobald sie f\u00fcr ihre Zweckbestimmung nicht mehr erforderlich sind und der L\u00f6schung keine gesetzlichen Aufbewahrungspflichten entgegenstehen. Sofern die Daten nicht gel\u00f6scht werden, weil sie f\u00fcr andere und gesetzlich zul\u00e4ssige Zwecke erforderlich sind, wird deren Verarbeitung nach Art. 18 DSGVO eingeschr\u00e4nkt, d.h. die Daten werden gesperrt und nicht f\u00fcr andere Zwecke verarbeitet. Das gilt z.B. f\u00fcr Daten, die aus handels- oder steuerrechtlichen Gr\u00fcnden aufbewahrt werden m\u00fcssen. Nach gesetzlichen Vorgaben in Deutschland, erfolgt die Aufbewahrung insbesondere f\u00fcr 10 Jahre gem\u00e4\u00df \u00a7\u00a7 147 Abs. 1 Nr. 1, 4 und 4a, Abs. 3 AO, 257 Abs. 1 Nr. 1 und 4, Abs. 4 HGB (B\u00fccher, Aufzeichnungen, Lageberichte, Buchungsbelege, Handelsb\u00fccher, f\u00fcr Besteuerung relevanter Unterlagen, etc.) und 6 Jahre gem\u00e4\u00df \u00a7\u00a7 147 Abs. 1 Nr. 2, 3 und 5, Abs. 3 AO, 257 Abs. 1 Nr. 2 und 3, Abs. 4 HGB (Handelsbriefe).<\/p>\n\n\n\n<p>Recht auf Einschr\u00e4nkung der Verarbeitung: Unter den Voraussetzungen des Art. 18 DSGVO haben Sie das Recht, eine Einschr\u00e4nkung der Verarbeitung der personenbezogenen Daten zu verlangen.<\/p>\n\n\n\n<p>Recht auf Daten\u00fcbertragbarkeit: Sie haben nach Art. 20 DSGVO das Recht zu verlangen, dass die Sie betreffenden personenbezogenen Daten, die Sie uns bereitgestellt haben, in einem strukturierten, g\u00e4ngigen und maschinenlesbaren Format zu erhalten und deren \u00dcbermittlung an andere Verantwortliche zu fordern, soweit dies technisch machbar ist.<\/p>\n\n\n\n<p>Widerrufsrecht<\/p>\n\n\n\n<p>Sie haben das Recht, die Einwilligung im Sinne von Art. 6 Abs. 1 lit. a DSGVO jederzeit zu widerrufen, ohne dass die Rechtm\u00e4\u00dfigkeit der aufgrund der Einwilligung bis zum Widerruf erfolgten Verarbeitung ber\u00fchrt wird.<\/p>\n\n\n\n<p>Sie haben zudem das Recht, sich bei einer Datenschutz-Aufsichtsbeh\u00f6rde \u00fcber die Verarbeitung Ihrer personenbezogenen Daten durch uns zu beschweren. Die f\u00fcr uns zust\u00e4ndige Aufsichtsbeh\u00f6rde:<\/p>\n\n\n\n<p>Unabh\u00e4ngige Landeszentrum f\u00fcr Datenschutz (ULD) Schleswig-Holstein, Postfach 7116,<\/p>\n\n\n\n<p>24171 Kiel; Tel. (0431) 988-1200, Fax: (0431) 988-1223; Email: mail@datenschutzzentrum.de<\/p>\n\n\n\n<p><\/p>\n\n\n\n<p><strong>7 Sonstiges<\/strong><\/p>\n\n\n\n<p>(1) Sicherheit<\/p>\n\n\n\n<p>Wir haben technische und organisatorische Sicherheitsma\u00dfnahmen getroffen, um Ihre personenbezogenen Daten vor Verlust, Zerst\u00f6rung, Manipulation und unberechtigten Zugriff zu sch\u00fctzen. Alle unserer Mitarbeiter und alle an der Datenverarbeitung beteiligten Dritten sind auf die Datenschutzgrundverordnung und den vertraulichen Umgang mit personenbezogenen Daten verpflichtet.<\/p>\n\n\n\n<p>Im Falle der Erhebung und Verarbeitung pers\u00f6nlicher Daten werden die Informationen in verschl\u00fcsselter Form \u00fcbertragen, um einem Missbrauch der Daten durch Dritte vorzubeugen. Unsere Sicherungsma\u00dfnahmen werden entsprechend der technologischen Entwicklung fortlaufend \u00fcberarbeitet.<\/p>\n\n\n\n<p>(2) Datensicherheit Website<\/p>\n\n\n\n<p>Unsere Website verwendet zur Verschl\u00fcsselung den Industriestandard SSL (Secure Sockets Layer). Dadurch wird die Vertraulichkeit Ihrer pers\u00f6nlichen Angaben \u00fcber das Internet gew\u00e4hrleistet. Ob eine verschl\u00fcsselte \u00dcbertragung stattfindet, erkennen Sie anhand des geschlossenen Schl\u00fcssel-\/bzw. Schloss-Symbols in der Anzeige Ihres Browsers.<\/p>\n\n\n\n<p>(3) \u00c4nderung unserer Datenschutzbestimmungen<\/p>\n\n\n\n<p>Wir behalten uns das Recht vor, unsere Sicherheits- und Datenschutzma\u00dfnahmen zu ver\u00e4ndern, soweit dies wegen der technischen Entwicklung erforderlich wird. In diesen F\u00e4llen werden wir auch unsere Hinweise zum Datenschutz entsprechend anpassen. Bitte beachten Sie daher die jeweils aktuelle Version unserer Datenschutzerkl\u00e4rung.<\/p>\n\n\n\n<p>(4) Links<\/p>\n\n\n\n<p>Sofern Sie externe Links nutzen, die im Rahmen unserer Internetseiten angeboten werden, erstreckt sich diese Datenschutzerkl\u00e4rung nicht auf diese Links. Wenn wir Links anbieten, bem\u00fchen wir uns sicherzustellen, dass auch diese unserer Datenschutz- und Sicherheitsstandards einhalten. Wir haben jedoch keinen Einfluss auf die Einhaltung der Datenschutz und Sicherheitsbestimmungen durch andere Anbieter. Informieren Sie sich deshalb bitte auf den Internetseiten der anderen Anbieter auch \u00fcber die dort bereitgestellten Datenschutzerkl\u00e4rungen.<\/p>\n\n\n\n<p>(5) Fragen, Anregungen, Beschwerden<\/p>\n\n\n\n<p>Wenn Sie weitergehende Fragen zu unseren Hinweisen zum Datenschutz und zur Verarbeitung Ihrer pers\u00f6nlichen Daten haben, k\u00f6nnen Sie sich direkt an unseren Datenschutzbeauftragten Silke Dammann, mc-Technik Dienstleistungs- und Consulting GmbH, Marienthaler Str. 24, 24340 Eckernf\u00f6rde; datenschutz@mc-technik.de wenden. Sie steht Ihnen auch im Falle von Auskunftsersuchen, Anregungen oder bei Beschwerden als Ansprechpartner zur Verf\u00fcgung.<\/p>\n\n\n\n<p>(6) Widerspruchsrecht<\/p>\n\n\n\n<p>Sofern Ihre personenbezogenen Daten auf Grundlage von berechtigten Interessen gem\u00e4\u00df Art. 6 Abs. 1 S. 1 lit. f DSGVO verarbeitet werden, haben Sie das Recht, gem\u00e4\u00df Art. 21 DSGVO Widerspruch gegen die Verarbeitung Ihrer personenbezogenen Daten einzulegen, soweit daf\u00fcr Gr\u00fcnde vorliegen, die sich aus Ihrer besonderen Situation ergeben.<\/p>\n\n\n\n<p>M\u00f6chten Sie von Ihrem Widerspruchsrecht Gebrauch machen, gen\u00fcgt eine E-Mail an office@abitato.de oder ein Schreiben an die obige Anschrift.<\/p>\n","protected":false},"excerpt":{"rendered":"<p>Ihr Datenschutz ist unser Anliegen Wir freuen uns \u00fcber Ihr Interesse an unserem Unternehmen und unseren Produkten bzw. Dienstleistungen und m\u00f6chten, dass Sie sich beim Besuch unserer Internetseiten auch hinsichtlich des Schutzes Ihrer personenbezogenen Daten sicher f\u00fchlen. Denn wir nehmen den Schutz Ihrer personenbezogener Daten sehr ernst. Die Beachtung der Bestimmungen der Europ\u00e4ischen Datenschutzgrundverordnung (EU-DSGVO) [&hellip;]<\/p>\n","protected":false},"author":1,"featured_media":0,"parent":0,"menu_order":0,"comment_status":"closed","ping_status":"closed","template":"page-templates\/page_fullwidth.php","meta":[],"_links":{"self":[{"href":"https:\/\/www.abitato.de\/index.php?rest_route=\/wp\/v2\/pages\/498"}],"collection":[{"href":"https:\/\/www.abitato.de\/index.php?rest_route=\/wp\/v2\/pages"}],"about":[{"href":"https:\/\/www.abitato.de\/index.php?rest_route=\/wp\/v2\/types\/page"}],"author":[{"embeddable":true,"href":"https:\/\/www.abitato.de\/index.php?rest_route=\/wp\/v2\/users\/1"}],"replies":[{"embeddable":true,"href":"https:\/\/www.abitato.de\/index.php?rest_route=%2Fwp%2Fv2%2Fcomments&post=498"}],"version-history":[{"count":16,"href":"https:\/\/www.abitato.de\/index.php?rest_route=\/wp\/v2\/pages\/498\/revisions"}],"predecessor-version":[{"id":599,"href":"https:\/\/www.abitato.de\/index.php?rest_route=\/wp\/v2\/pages\/498\/revisions\/599"}],"wp:attachment":[{"href":"https:\/\/www.abitato.de\/index.php?rest_route=%2Fwp%2Fv2%2Fmedia&parent=498"}],"curies":[{"name":"wp","href":"https:\/\/api.w.org\/{rel}","templated":true}]}}